{"id":1811,"date":"2023-12-14T15:22:14","date_gmt":"2023-12-14T15:22:14","guid":{"rendered":"https:\/\/atling.dev.geckodoit.com\/news\/"},"modified":"2025-03-05T15:51:45","modified_gmt":"2025-03-05T15:51:45","slug":"news","status":"publish","type":"page","link":"https:\/\/www.atling.com\/de\/news\/","title":{"rendered":"News"},"content":{"rendered":"\t\t<div data-elementor-type=\"wp-page\" data-elementor-id=\"1811\" class=\"elementor elementor-1811 elementor-210\" data-elementor-post-type=\"page\">\n\t\t\t\t<div data-particle_enable=\"false\" data-particle-mobile-disabled=\"false\" class=\"elementor-element elementor-element-bd2a1b1 e-flex e-con-boxed e-con e-parent\" data-id=\"bd2a1b1\" data-element_type=\"container\" data-e-type=\"container\" data-settings=\"{&quot;background_background&quot;:&quot;classic&quot;}\">\n\t\t\t\t\t<div class=\"e-con-inner\">\n\t\t<div data-particle_enable=\"false\" data-particle-mobile-disabled=\"false\" class=\"elementor-element elementor-element-efee5c8 e-con-full e-flex e-con e-child\" data-id=\"efee5c8\" data-element_type=\"container\" data-e-type=\"container\">\n\t\t\t\t<\/div>\n\t\t\t\t\t<\/div>\n\t\t\t\t<\/div>\n\t\t<div data-particle_enable=\"false\" data-particle-mobile-disabled=\"false\" class=\"elementor-element elementor-element-d272bad e-flex e-con-boxed e-con e-parent\" data-id=\"d272bad\" data-element_type=\"container\" data-e-type=\"container\">\n\t\t\t\t\t<div class=\"e-con-inner\">\n\t\t<div data-particle_enable=\"false\" data-particle-mobile-disabled=\"false\" class=\"elementor-element elementor-element-f2946de e-flex e-con-boxed e-con e-child\" data-id=\"f2946de\" data-element_type=\"container\" data-e-type=\"container\" data-settings=\"{&quot;background_background&quot;:&quot;classic&quot;}\">\n\t\t\t\t\t<div class=\"e-con-inner\">\n\t\t<div data-particle_enable=\"false\" data-particle-mobile-disabled=\"false\" class=\"elementor-element elementor-element-50ade2e e-flex e-con-boxed e-con e-child\" data-id=\"50ade2e\" data-element_type=\"container\" data-e-type=\"container\">\n\t\t\t\t\t<div class=\"e-con-inner\">\n\t\t\t\t<div class=\"elementor-element elementor-element-45543bc elementor-widget elementor-widget-heading\" data-id=\"45543bc\" data-element_type=\"widget\" data-e-type=\"widget\" data-widget_type=\"heading.default\">\n\t\t\t\t<div class=\"elementor-widget-container\">\n\t\t\t\t\t<h2 class=\"elementor-heading-title elementor-size-default\">Aktuelle Nachrichten aus Atling (auf Englisch)<\/h2>\t\t\t\t<\/div>\n\t\t\t\t<\/div>\n\t\t\t\t\t<\/div>\n\t\t\t\t<\/div>\n\t\t\t\t<div class=\"elementor-element elementor-element-7ab2f20 elementor-widget elementor-widget-eael-post-list\" data-id=\"7ab2f20\" data-element_type=\"widget\" data-e-type=\"widget\" data-widget_type=\"eael-post-list.default\">\n\t\t\t\t<div class=\"elementor-widget-container\">\n\t\t\t\t\t<div class=\"eael-post-list-container default layout-default\"><div class=\"eael-post-list-header\"><\/div><div class=\"eael-post-list-wrap\"><div class=\"eael-post-list-posts-wrap eael-post-appender eael-post-appender-7ab2f20\"><div class=\"eael-post-list-post \"><div class=\"eael-post-list-thumbnail \"><a href=\"https:\/\/www.atling.com\/de\/meet-mr-thomas-kauls-ceo-of-wolfgang-kauls-gmbh\/\">\n                            <img decoding=\"async\" src=\"https:\/\/www.atling.com\/wp-content\/uploads\/2026\/03\/Kauls_1_klein.jpg\" alt=\"-\" title=\"-\">\n                        <\/a><\/div><div class=\"eael-post-list-content\"><div class=\"meta-categories\"><a href=\"https:\/\/www.atling.com\/de\/category\/news-de\/\">News<\/a><\/div><h2 class=\"eael-post-list-title\"><a href=\"https:\/\/www.atling.com\/de\/meet-mr-thomas-kauls-ceo-of-wolfgang-kauls-gmbh\/\">Meet Mr. Thomas Kauls, CEO of Wolfgang Kauls GmbH<\/a><\/h2><div class=\"meta\"><span class=\"eael-post-published-date\"><i class=\"far fa-calendar-alt\"><\/i> M\u00e4rz 3, 2026<\/span><\/div><p>We\u2019re very happy to announce that the Atling Steady Rest family has got a new member in our new Sales...<\/p><a href=\"https:\/\/www.atling.com\/de\/meet-mr-thomas-kauls-ceo-of-wolfgang-kauls-gmbh\/\" class=\"eael-post-elements-readmore-btn\">Mehr Lesen <\/a><\/div><\/div><div class=\"eael-post-list-post \"><div class=\"eael-post-list-thumbnail \"><a href=\"https:\/\/www.atling.com\/de\/our-employees-dennis-wickholm\/\">\n                            <img decoding=\"async\" src=\"https:\/\/www.atling.com\/wp-content\/uploads\/2025\/09\/Dennis-privat.jpg\" alt=\"-\" title=\"-\">\n                        <\/a><\/div><div class=\"eael-post-list-content\"><div class=\"meta-categories\"><a href=\"https:\/\/www.atling.com\/de\/category\/employee-de\/\">Employee<\/a><\/div><h2 class=\"eael-post-list-title\"><a href=\"https:\/\/www.atling.com\/de\/our-employees-dennis-wickholm\/\">Our employees: Dennis Wickholm<\/a><\/h2><div class=\"meta\"><span class=\"eael-post-published-date\"><i class=\"far fa-calendar-alt\"><\/i> September 11, 2025<\/span><\/div><p>What do you do at Atling?\u00a0 Working with Global Sales. For\u00a0how\u00a0long have you worked at Atling?\u00a0 Recently started in August...<\/p><a href=\"https:\/\/www.atling.com\/de\/our-employees-dennis-wickholm\/\" class=\"eael-post-elements-readmore-btn\">Mehr Lesen <\/a><\/div><\/div><div class=\"eael-post-list-post \"><div class=\"eael-post-list-thumbnail \"><a href=\"https:\/\/www.atling.com\/de\/meet-mr-ikjung-kim-president-of-woosung-tech\/\">\n                            <img decoding=\"async\" src=\"https:\/\/www.atling.com\/wp-content\/uploads\/2024\/06\/Screenshot-2024-04-14-at-12.39.27.png\" alt=\"WST - WooSung Tech\" title=\"-\">\n                        <\/a><\/div><div class=\"eael-post-list-content\"><div class=\"meta-categories\"><a href=\"https:\/\/www.atling.com\/de\/category\/interview-de-2\/\">Interview<\/a><\/div><h2 class=\"eael-post-list-title\"><a href=\"https:\/\/www.atling.com\/de\/meet-mr-ikjung-kim-president-of-woosung-tech\/\">Lernen Sie Herrn Ikjung Kim kennen \u2013 Pr\u00e4sident von WooSung Tech<\/a><\/h2><div class=\"meta\"><span class=\"eael-post-published-date\"><i class=\"far fa-calendar-alt\"><\/i> M\u00e4rz 20, 2025<\/span><\/div><p>Diese Woche freuen wir uns, Herrn Ikjung Kim von unserem s\u00fcdkoreanischen Vertriebspartner WooSung Tech vorzustellen. Lesen Sie unten das Interview....<\/p><a href=\"https:\/\/www.atling.com\/de\/meet-mr-ikjung-kim-president-of-woosung-tech\/\" class=\"eael-post-elements-readmore-btn\">Mehr Lesen <\/a><\/div><\/div><div class=\"eael-post-list-post \"><div class=\"eael-post-list-thumbnail \"><a href=\"https:\/\/www.atling.com\/de\/meet-our-distributor-in-the-benelux-spantech-opspansystemen-bv\/\">\n                            <img decoding=\"async\" src=\"https:\/\/www.atling.com\/wp-content\/uploads\/2024\/12\/DSC_0394-bewerkt-scaled.jpg\" alt=\"Spantech Opspansystemen BV\" title=\"-\">\n                        <\/a><\/div><div class=\"eael-post-list-content\"><div class=\"meta-categories\"><a href=\"https:\/\/www.atling.com\/de\/category\/interview-de-2\/\">Interview<\/a><\/div><h2 class=\"eael-post-list-title\"><a href=\"https:\/\/www.atling.com\/de\/meet-our-distributor-in-the-benelux-spantech-opspansystemen-bv\/\">Lernen Sie unseren Vertriebspartner in den Benelux-Staaten kennen \u2013 Spantech Opspansystemen BV<\/a><\/h2><div class=\"meta\"><span class=\"eael-post-published-date\"><i class=\"far fa-calendar-alt\"><\/i> Dezember 11, 2024<\/span><\/div><p>Unsere Serie mit Interviews unserer gro\u00dfartigen Vertriebspartner geht weiter \u2013 dieses Mal sind die Benelux-Staaten an der Reihe. Wir freuen...<\/p><a href=\"https:\/\/www.atling.com\/de\/meet-our-distributor-in-the-benelux-spantech-opspansystemen-bv\/\" class=\"eael-post-elements-readmore-btn\">Mehr Lesen <\/a><\/div><\/div><div class=\"eael-post-list-post \"><div class=\"eael-post-list-thumbnail \"><a href=\"https:\/\/www.atling.com\/de\/jimstroker\/\">\n                            <img decoding=\"async\" src=\"https:\/\/www.atling.com\/wp-content\/uploads\/2024\/07\/JimStroker.jpg\" alt=\"-\" title=\"-\">\n                        <\/a><\/div><div class=\"eael-post-list-content\"><div class=\"meta-categories\"><a href=\"https:\/\/www.atling.com\/de\/category\/interview-de-2\/\">Interview<\/a><\/div><h2 class=\"eael-post-list-title\"><a href=\"https:\/\/www.atling.com\/de\/jimstroker\/\">Lernen Sie Herrn Jim Stroker kennen \u2013 Pr\u00e4sident von SpinTech Tools<\/a><\/h2><div class=\"meta\"><span class=\"eael-post-published-date\"><i class=\"far fa-calendar-alt\"><\/i> Juli 1, 2024<\/span><\/div><p>Wir haben es schon oft gesagt und sagen es gerne wieder: Wir sind sehr stolz auf unser Vertriebsnetz und auf...<\/p><a href=\"https:\/\/www.atling.com\/de\/jimstroker\/\" class=\"eael-post-elements-readmore-btn\">Mehr Lesen <\/a><\/div><\/div><div class=\"eael-post-list-post \"><div class=\"eael-post-list-thumbnail \"><a href=\"https:\/\/www.atling.com\/de\/atling-steady-rest-to-be-its-own-independent-company\/\">\n                            <img decoding=\"async\" src=\"https:\/\/www.atling.com\/wp-content\/uploads\/2024\/06\/Atling-soc.-media-independant.png\" alt=\"Atling Steady Rest AB - Becoming independant\" title=\"-\">\n                        <\/a><\/div><div class=\"eael-post-list-content\"><div class=\"meta-categories\"><a href=\"https:\/\/www.atling.com\/de\/category\/interview-de-2\/\">Interview<\/a><\/div><h2 class=\"eael-post-list-title\"><a href=\"https:\/\/www.atling.com\/de\/atling-steady-rest-to-be-its-own-independent-company\/\">Atling Steady Rest wird ein eigenst\u00e4ndiges Unternehmen<\/a><\/h2><div class=\"meta\"><span class=\"eael-post-published-date\"><i class=\"far fa-calendar-alt\"><\/i> Mai 29, 2024<\/span><\/div><p>Atling Steady Rest war seit der Produktion unserer ersten L\u00fcnette im Jahr 1973 ein Teil von Atling Maskinfabrik AB. In...<\/p><a href=\"https:\/\/www.atling.com\/de\/atling-steady-rest-to-be-its-own-independent-company\/\" class=\"eael-post-elements-readmore-btn\">Mehr Lesen <\/a><\/div><\/div><div class=\"eael-post-list-post \"><div class=\"eael-post-list-thumbnail \"><a href=\"https:\/\/www.atling.com\/de\/meet-mr-pawel-roguszczak-managing-director-of-sav-polska-sp-z-o-o\/\">\n                            <img decoding=\"async\" src=\"https:\/\/www.atling.com\/wp-content\/uploads\/2024\/06\/Pawel-scaled-e1716463871817.jpg\" alt=\"Pawe\u0142 Roguszczak - Managing Director of SAV Polska Sp.z.o.o \" title=\"-\">\n                        <\/a><\/div><div class=\"eael-post-list-content\"><div class=\"meta-categories\"><a href=\"https:\/\/www.atling.com\/de\/category\/interview-de-2\/\">Interview<\/a><\/div><h2 class=\"eael-post-list-title\"><a href=\"https:\/\/www.atling.com\/de\/meet-mr-pawel-roguszczak-managing-director-of-sav-polska-sp-z-o-o\/\">Lernen Sie Herrn Pawe\u0142 Roguszczak kennen \u2013 Gesch\u00e4ftsf\u00fchrer von SAV Polska Sp.z.o.o<\/a><\/h2><div class=\"meta\"><span class=\"eael-post-published-date\"><i class=\"far fa-calendar-alt\"><\/i> Mai 23, 2024<\/span><\/div><p>Wir sind sehr stolz auf unser weltweites Vertriebsnetz und auf all die gro\u00dfartigen Menschen, die bei unseren Partnern arbeiten. Deshalb...<\/p><a href=\"https:\/\/www.atling.com\/de\/meet-mr-pawel-roguszczak-managing-director-of-sav-polska-sp-z-o-o\/\" class=\"eael-post-elements-readmore-btn\">Mehr Lesen <\/a><\/div><\/div><div class=\"eael-post-list-post \"><div class=\"eael-post-list-thumbnail \"><a href=\"https:\/\/www.atling.com\/de\/meet-mr-kim-basile-ceo-of-basile-gmbh-the-official-distributor-for-south-germany\/\">\n                            <img decoding=\"async\" src=\"https:\/\/www.atling.com\/wp-content\/uploads\/2024\/06\/Kim-Basile_2.jpg\" alt=\"Kim Basile - CEO of Basile GmbH\" title=\"-\">\n                        <\/a><\/div><div class=\"eael-post-list-content\"><div class=\"meta-categories\"><a href=\"https:\/\/www.atling.com\/de\/category\/interview-de-2\/\">Interview<\/a><\/div><h2 class=\"eael-post-list-title\"><a href=\"https:\/\/www.atling.com\/de\/meet-mr-kim-basile-ceo-of-basile-gmbh-the-official-distributor-for-south-germany\/\">Lernen Sie Herrn Kim Basile kennen \u2013 Gesch\u00e4ftsf\u00fchrer der Basile GmbH und offizieller Vertriebspartner f\u00fcr S\u00fcddeutschland<\/a><\/h2><div class=\"meta\"><span class=\"eael-post-published-date\"><i class=\"far fa-calendar-alt\"><\/i> April 3, 2024<\/span><\/div><p>Wir sind sehr stolz auf unser weltweites Vertriebsnetz und auf all die gro\u00dfartigen Menschen, die mit unseren Partnern zusammenarbeiten. Deshalb...<\/p><a href=\"https:\/\/www.atling.com\/de\/meet-mr-kim-basile-ceo-of-basile-gmbh-the-official-distributor-for-south-germany\/\" class=\"eael-post-elements-readmore-btn\">Mehr Lesen <\/a><\/div><\/div><div class=\"eael-post-list-post \"><div class=\"eael-post-list-thumbnail \"><a href=\"https:\/\/www.atling.com\/de\/meet-mr-xabier-iriondo-ceo-serkide\/\">\n                            <img decoding=\"async\" src=\"https:\/\/www.atling.com\/wp-content\/uploads\/2024\/06\/Xabier-Serkide.jpg\" alt=\"Xabier Iriondo - CEO Serkide\" title=\"-\">\n                        <\/a><\/div><div class=\"eael-post-list-content\"><div class=\"meta-categories\"><a href=\"https:\/\/www.atling.com\/de\/category\/interview-de-2\/\">Interview<\/a><\/div><h2 class=\"eael-post-list-title\"><a href=\"https:\/\/www.atling.com\/de\/meet-mr-xabier-iriondo-ceo-serkide\/\">Lernen Sie Herrn Xabier Iriondo kennen, Gesch\u00e4ftsf\u00fchrer von Serkide<\/a><\/h2><div class=\"meta\"><span class=\"eael-post-published-date\"><i class=\"far fa-calendar-alt\"><\/i> Februar 13, 2024<\/span><\/div><p>Wir sind sehr stolz auf unser Vertriebsnetz und all die gro\u00dfartigen Menschen, die mit unseren Partnern zusammenarbeiten. Deshalb haben wir...<\/p><a href=\"https:\/\/www.atling.com\/de\/meet-mr-xabier-iriondo-ceo-serkide\/\" class=\"eael-post-elements-readmore-btn\">Mehr Lesen <\/a><\/div><\/div><div class=\"eael-post-list-post \"><div class=\"eael-post-list-thumbnail \"><a href=\"https:\/\/www.atling.com\/de\/interview-with-johan-muren-at-legomek\/\">\n                            <img decoding=\"async\" src=\"https:\/\/www.atling.com\/wp-content\/uploads\/2024\/01\/Johan-Muren-Legomek-e1700488321243.jpg\" alt=\"Johan Muren Legomek\" title=\"-\">\n                        <\/a><\/div><div class=\"eael-post-list-content\"><div class=\"meta-categories\"><a href=\"https:\/\/www.atling.com\/de\/category\/interview-de-2\/\">Interview<\/a><\/div><h2 class=\"eael-post-list-title\"><a href=\"https:\/\/www.atling.com\/de\/interview-with-johan-muren-at-legomek\/\">Interview mit Johan Mur\u00e9n bei Legomek<\/a><\/h2><div class=\"meta\"><span class=\"eael-post-published-date\"><i class=\"far fa-calendar-alt\"><\/i> Februar 16, 2022<\/span><\/div><p>Wir haben uns mit Johan Mur\u00e9n bei Legomek in ihrer Produktionsst\u00e4tte in Ockelbo, Schweden, getroffen, um ein wenig \u00fcber ihre...<\/p><a href=\"https:\/\/www.atling.com\/de\/interview-with-johan-muren-at-legomek\/\" class=\"eael-post-elements-readmore-btn\">Mehr Lesen <\/a><\/div><\/div><\/div><\/div>\n\t\t<\/div><div data-nonce=\"eb3a771041\" class=\"post-list-pagination\" data-widget-id=\"7ab2f20\" data-widget=\"7ab2f20\" data-page-id=\"1811\" data-class=\"Essential_Addons_Elementor\\Pro\\Elements\\Post_List\" data-args=\"orderby=date&amp;order=desc&amp;ignore_sticky_posts=1&amp;post_status=publish&amp;posts_per_page=20&amp;offset=0&amp;post_type=post&amp;tax_query%5B0%5D%5Btaxonomy%5D=category&amp;tax_query%5B0%5D%5Bfield%5D=term_id&amp;tax_query%5B0%5D%5Bterms%5D%5B0%5D=31&amp;tax_query%5B0%5D%5Bterms%5D%5B1%5D=30&amp;tax_query%5B0%5D%5Bterms%5D%5B2%5D=27&amp;tax_query%5B0%5D%5Bterms%5D%5B3%5D=32&amp;tax_query%5Brelation%5D=AND\" data-settings=\"eael_post_list_post_feature_image=yes&amp;eael_post_list_post_meta=yes&amp;eael_post_list_post_title=yes&amp;eael_post_list_post_excerpt=yes&amp;eael_post_list_post_excerpt_length=20&amp;eael_post_list_featured_area=&amp;eael_post_list_pagination=navigation&amp;eael_post_list_layout_type=default&amp;eael_post_list_post_cat=yes&amp;eael_post_list_title_tag=h2&amp;eael_show_read_more_button=yes&amp;eael_post_list_read_more_text=Mehr+Lesen+&amp;eael_post_list_excerpt_expanison_indicator=...&amp;eael_post_featured_image_size=full&amp;eael_post_list_show_last_modified=no\" data-page=\"1\" data-scroll-on-pagination=\"0\" data-scroll-offset=\"100\" data-template=\"{&quot;dir&quot;:&quot;pro&quot;,&quot;file_name&quot;:&quot;default.php&quot;,&quot;name&quot;:&quot;Post-List&quot;}\">\n            <button class=\"btn btn-prev-post\" id=\"post-nav-prev-7ab2f20\" disabled=\"true\" aria-label=\"previous\"><svg aria-hidden=\"true\" class=\"e-font-icon-svg e-fas-angle-left\" viewBox=\"0 0 256 512\" xmlns=\"http:\/\/www.w3.org\/2000\/svg\"><path d=\"M31.7 239l136-136c9.4-9.4 24.6-9.4 33.9 0l22.6 22.6c9.4 9.4 9.4 24.6 0 33.9L127.9 256l96.4 96.4c9.4 9.4 9.4 24.6 0 33.9L201.7 409c-9.4 9.4-24.6 9.4-33.9 0l-136-136c-9.5-9.4-9.5-24.6-.1-34z\"><\/path><\/svg><\/button><button class=\"btn btn-next-post\" id=\"post-nav-next-7ab2f20\" aria-label=\"next\"><svg aria-hidden=\"true\" class=\"e-font-icon-svg e-fas-angle-right\" viewBox=\"0 0 256 512\" xmlns=\"http:\/\/www.w3.org\/2000\/svg\"><path d=\"M224.3 273l-136 136c-9.4 9.4-24.6 9.4-33.9 0l-22.6-22.6c-9.4-9.4-9.4-24.6 0-33.9l96.4-96.4-96.4-96.4c-9.4-9.4-9.4-24.6 0-33.9L54.3 103c9.4-9.4 24.6-9.4 33.9 0l136 136c9.5 9.4 9.5 24.6.1 34z\"><\/path><\/svg><\/button>\n        <\/div>\t\t\t\t<\/div>\n\t\t\t\t<\/div>\n\t\t\t\t\t<\/div>\n\t\t\t\t<\/div>\n\t\t\t\t\t<\/div>\n\t\t\t\t<\/div>\n\t\t<div data-particle_enable=\"false\" data-particle-mobile-disabled=\"false\" class=\"elementor-element elementor-element-b17b8bb e-grid e-con-boxed e-con e-parent\" data-id=\"b17b8bb\" data-element_type=\"container\" data-e-type=\"container\">\n\t\t\t\t\t<div class=\"e-con-inner\">\n\t\t\t\t\t<\/div>\n\t\t\t\t<\/div>\n\t\t<div data-particle_enable=\"false\" data-particle-mobile-disabled=\"false\" class=\"elementor-element elementor-element-a7a8892 e-flex e-con-boxed e-con e-parent\" data-id=\"a7a8892\" data-element_type=\"container\" data-e-type=\"container\">\n\t\t\t\t\t<div class=\"e-con-inner\">\n\t\t\t\t<div class=\"elementor-element elementor-element-0f7fb80 elementor-widget elementor-widget-template\" data-id=\"0f7fb80\" data-element_type=\"widget\" data-e-type=\"widget\" data-widget_type=\"template.default\">\n\t\t\t\t<div class=\"elementor-widget-container\">\n\t\t\t\t\t\t\t<div class=\"elementor-template\">\n\t\t\t\t\t<div data-elementor-type=\"container\" data-elementor-id=\"2989\" class=\"elementor elementor-2989 elementor-57\" data-elementor-post-type=\"elementor_library\">\n\t\t\t\t<div data-particle_enable=\"false\" data-particle-mobile-disabled=\"false\" class=\"elementor-element elementor-element-2b9c181b e-con-full e-flex e-con e-parent\" data-id=\"2b9c181b\" data-element_type=\"container\" data-e-type=\"container\">\n\t\t<div data-particle_enable=\"false\" data-particle-mobile-disabled=\"false\" class=\"elementor-element elementor-element-5b017d53 e-flex e-con-boxed e-con e-child\" data-id=\"5b017d53\" data-element_type=\"container\" data-e-type=\"container\">\n\t\t\t\t\t<div class=\"e-con-inner\">\n\t\t<div data-particle_enable=\"false\" data-particle-mobile-disabled=\"false\" class=\"elementor-element elementor-element-71174136 e-flex e-con-boxed e-con e-child\" data-id=\"71174136\" data-element_type=\"container\" data-e-type=\"container\">\n\t\t\t\t\t<div class=\"e-con-inner\">\n\t\t\t\t<div class=\"elementor-element elementor-element-77183f13 elementor-widget elementor-widget-heading\" data-id=\"77183f13\" data-element_type=\"widget\" data-e-type=\"widget\" data-widget_type=\"heading.default\">\n\t\t\t\t<div class=\"elementor-widget-container\">\n\t\t\t\t\t<h2 class=\"elementor-heading-title elementor-size-default\">Kontaktieren Sie uns<\/h2>\t\t\t\t<\/div>\n\t\t\t\t<\/div>\n\t\t\t\t<div class=\"elementor-element elementor-element-5af432b9 elementor-widget elementor-widget-text-editor\" data-id=\"5af432b9\" data-element_type=\"widget\" data-e-type=\"widget\" data-widget_type=\"text-editor.default\">\n\t\t\t\t<div class=\"elementor-widget-container\">\n\t\t\t\t\t\t\t\t\t<p>Kontaktieren Sie uns, um zu besprechen, wie wir Ihnen dabei helfen k\u00f6nnen, Ihre Drehmaschinen zu optimieren.<\/p><p>Wir freuen uns darauf, von Ihnen zu h\u00f6ren!<\/p>\t\t\t\t\t\t\t\t<\/div>\n\t\t\t\t<\/div>\n\t\t\t\t\t<\/div>\n\t\t\t\t<\/div>\n\t\t<div data-particle_enable=\"false\" data-particle-mobile-disabled=\"false\" class=\"elementor-element elementor-element-46b16905 e-con-full e-flex e-con e-child\" data-id=\"46b16905\" data-element_type=\"container\" data-e-type=\"container\">\n\t\t\t\t<div class=\"elementor-element elementor-element-610b2be1 elementor-widget elementor-widget-button\" data-id=\"610b2be1\" data-element_type=\"widget\" data-e-type=\"widget\" data-widget_type=\"button.default\">\n\t\t\t\t<div class=\"elementor-widget-container\">\n\t\t\t\t\t\t\t\t\t<div class=\"elementor-button-wrapper\">\n\t\t\t\t\t<a class=\"elementor-button elementor-button-link elementor-size-sm\" href=\"https:\/\/www.atling.com\/de\/kontakt\/\">\n\t\t\t\t\t\t<span class=\"elementor-button-content-wrapper\">\n\t\t\t\t\t\t\t\t\t<span class=\"elementor-button-text\">Kontaktieren Sie uns.<\/span>\n\t\t\t\t\t<\/span>\n\t\t\t\t\t<\/a>\n\t\t\t\t<\/div>\n\t\t\t\t\t\t\t\t<\/div>\n\t\t\t\t<\/div>\n\t\t\t\t<div class=\"elementor-element elementor-element-259e9cea elementor-shape-rounded elementor-grid-0 e-grid-align-center elementor-widget elementor-widget-social-icons\" data-id=\"259e9cea\" data-element_type=\"widget\" data-e-type=\"widget\" data-widget_type=\"social-icons.default\">\n\t\t\t\t<div class=\"elementor-widget-container\">\n\t\t\t\t\t\t\t<div class=\"elementor-social-icons-wrapper elementor-grid\" role=\"list\">\n\t\t\t\t\t\t\t<span class=\"elementor-grid-item\" role=\"listitem\">\n\t\t\t\t\t<a class=\"elementor-icon elementor-social-icon elementor-social-icon-facebook elementor-repeater-item-20e6b90\" href=\"https:\/\/www.facebook.com\/atlingsteadies\/\" target=\"_blank\" rel=\"noopener\">\n\t\t\t\t\t\t<span class=\"elementor-screen-only\">Facebook<\/span>\n\t\t\t\t\t\t<svg aria-hidden=\"true\" class=\"e-font-icon-svg e-fab-facebook\" viewBox=\"0 0 512 512\" xmlns=\"http:\/\/www.w3.org\/2000\/svg\"><path d=\"M504 256C504 119 393 8 256 8S8 119 8 256c0 123.78 90.69 226.38 209.25 245V327.69h-63V256h63v-54.64c0-62.15 37-96.48 93.67-96.48 27.14 0 55.52 4.84 55.52 4.84v61h-31.28c-30.8 0-40.41 19.12-40.41 38.73V256h68.78l-11 71.69h-57.78V501C413.31 482.38 504 379.78 504 256z\"><\/path><\/svg>\t\t\t\t\t<\/a>\n\t\t\t\t<\/span>\n\t\t\t\t\t\t\t<span class=\"elementor-grid-item\" role=\"listitem\">\n\t\t\t\t\t<a class=\"elementor-icon elementor-social-icon elementor-social-icon-linkedin elementor-repeater-item-b7f901f\" href=\"https:\/\/www.linkedin.com\/company\/atlings-maskinfabrik-ab\/\" target=\"_blank\" rel=\"noopener\">\n\t\t\t\t\t\t<span class=\"elementor-screen-only\">Linkedin<\/span>\n\t\t\t\t\t\t<svg aria-hidden=\"true\" class=\"e-font-icon-svg e-fab-linkedin\" viewBox=\"0 0 448 512\" xmlns=\"http:\/\/www.w3.org\/2000\/svg\"><path d=\"M416 32H31.9C14.3 32 0 46.5 0 64.3v383.4C0 465.5 14.3 480 31.9 480H416c17.6 0 32-14.5 32-32.3V64.3c0-17.8-14.4-32.3-32-32.3zM135.4 416H69V202.2h66.5V416zm-33.2-243c-21.3 0-38.5-17.3-38.5-38.5S80.9 96 102.2 96c21.2 0 38.5 17.3 38.5 38.5 0 21.3-17.2 38.5-38.5 38.5zm282.1 243h-66.4V312c0-24.8-.5-56.7-34.5-56.7-34.6 0-39.9 27-39.9 54.9V416h-66.4V202.2h63.7v29.2h.9c8.9-16.8 30.6-34.5 62.9-34.5 67.2 0 79.7 44.3 79.7 101.9V416z\"><\/path><\/svg>\t\t\t\t\t<\/a>\n\t\t\t\t<\/span>\n\t\t\t\t\t\t\t<span class=\"elementor-grid-item\" role=\"listitem\">\n\t\t\t\t\t<a class=\"elementor-icon elementor-social-icon elementor-social-icon-instagram elementor-repeater-item-e97ba0f\" href=\"https:\/\/www.instagram.com\/atlingsteadies\/\" target=\"_blank\" rel=\"noopener\">\n\t\t\t\t\t\t<span class=\"elementor-screen-only\">Instagram<\/span>\n\t\t\t\t\t\t<svg aria-hidden=\"true\" class=\"e-font-icon-svg e-fab-instagram\" viewBox=\"0 0 448 512\" xmlns=\"http:\/\/www.w3.org\/2000\/svg\"><path d=\"M224.1 141c-63.6 0-114.9 51.3-114.9 114.9s51.3 114.9 114.9 114.9S339 319.5 339 255.9 287.7 141 224.1 141zm0 189.6c-41.1 0-74.7-33.5-74.7-74.7s33.5-74.7 74.7-74.7 74.7 33.5 74.7 74.7-33.6 74.7-74.7 74.7zm146.4-194.3c0 14.9-12 26.8-26.8 26.8-14.9 0-26.8-12-26.8-26.8s12-26.8 26.8-26.8 26.8 12 26.8 26.8zm76.1 27.2c-1.7-35.9-9.9-67.7-36.2-93.9-26.2-26.2-58-34.4-93.9-36.2-37-2.1-147.9-2.1-184.9 0-35.8 1.7-67.6 9.9-93.9 36.1s-34.4 58-36.2 93.9c-2.1 37-2.1 147.9 0 184.9 1.7 35.9 9.9 67.7 36.2 93.9s58 34.4 93.9 36.2c37 2.1 147.9 2.1 184.9 0 35.9-1.7 67.7-9.9 93.9-36.2 26.2-26.2 34.4-58 36.2-93.9 2.1-37 2.1-147.8 0-184.8zM398.8 388c-7.8 19.6-22.9 34.7-42.6 42.6-29.5 11.7-99.5 9-132.1 9s-102.7 2.6-132.1-9c-19.6-7.8-34.7-22.9-42.6-42.6-11.7-29.5-9-99.5-9-132.1s-2.6-102.7 9-132.1c7.8-19.6 22.9-34.7 42.6-42.6 29.5-11.7 99.5-9 132.1-9s102.7-2.6 132.1 9c19.6 7.8 34.7 22.9 42.6 42.6 11.7 29.5 9 99.5 9 132.1s2.7 102.7-9 132.1z\"><\/path><\/svg>\t\t\t\t\t<\/a>\n\t\t\t\t<\/span>\n\t\t\t\t\t<\/div>\n\t\t\t\t\t\t<\/div>\n\t\t\t\t<\/div>\n\t\t\t\t<\/div>\n\t\t\t\t\t<\/div>\n\t\t\t\t<\/div>\n\t\t\t\t<\/div>\n\t\t\t\t<\/div>\n\t\t\t\t<\/div>\n\t\t\t\t\t\t<\/div>\n\t\t\t\t<\/div>\n\t\t\t\t\t<\/div>\n\t\t\t\t<\/div>\n\t\t\t\t<\/div>\n\t\t","protected":false},"excerpt":{"rendered":"<p>Aktuelle Nachrichten aus Atling (auf Englisch) Interview Meet our distributor in the Benelux &#8211; Spantech Opspansystemen BV December 11, 2024 Our quest to interview our amazing distributors continues; this time the turn has come to our distributor in the Benelux&#8230;. Mehr Lesen Interview Meet Mr. Jim Stroker, President of SpinTech Tools July 1, 2024 We&#8217;ve [&hellip;]<\/p>\n","protected":false},"author":1,"featured_media":0,"parent":0,"menu_order":0,"comment_status":"closed","ping_status":"closed","template":"","meta":{"_acf_changed":false,"footnotes":""},"class_list":["post-1811","page","type-page","status-publish","hentry"],"acf":[],"_links":{"self":[{"href":"https:\/\/www.atling.com\/de\/wp-json\/wp\/v2\/pages\/1811","targetHints":{"allow":["GET"]}}],"collection":[{"href":"https:\/\/www.atling.com\/de\/wp-json\/wp\/v2\/pages"}],"about":[{"href":"https:\/\/www.atling.com\/de\/wp-json\/wp\/v2\/types\/page"}],"author":[{"embeddable":true,"href":"https:\/\/www.atling.com\/de\/wp-json\/wp\/v2\/users\/1"}],"replies":[{"embeddable":true,"href":"https:\/\/www.atling.com\/de\/wp-json\/wp\/v2\/comments?post=1811"}],"version-history":[{"count":0,"href":"https:\/\/www.atling.com\/de\/wp-json\/wp\/v2\/pages\/1811\/revisions"}],"wp:attachment":[{"href":"https:\/\/www.atling.com\/de\/wp-json\/wp\/v2\/media?parent=1811"}],"curies":[{"name":"wp","href":"https:\/\/api.w.org\/{rel}","templated":true}]}}